{"id":315,"date":"2013-03-27T10:16:46","date_gmt":"2013-03-27T09:16:46","guid":{"rendered":"http:\/\/snowvel.yume.nl\/?page_id=315"},"modified":"2015-11-27T11:24:08","modified_gmt":"2015-11-27T10:24:08","slug":"kontakt","status":"publish","type":"page","link":"http:\/\/snowvel.com\/de\/kontakt\/","title":{"rendered":"Kontakt"},"content":{"rendered":"<p>Bevor Sie Kontakt mit uns aufnehmen \u00fcberpr\u00fcfen Sie bitte, ob Ihre Frage nicht schon in dem <a title=\"FAQ\" href=\"http:\/\/www.snowvel.com\/de\/faq\/\">FAQ<\/a>-Bereich unserer Website beantwortet worden ist. Wenn Sie immer noch Fragen haben, dann mailen Sie uns bitte \u00fcber info[at]snowvel[dot]com oder f\u00fcllen Sie unser Kontaktformular aus. Vielen Dank f\u00fcr Ihre Nachricht!<\/p>\n<p class=\"gform_not_found\">Oops! Wir konnten dein Formular nicht lokalisieren.<\/p>\n<h6>Snowvel BV | Singel 146 | 1016 BR Amsterdam\u00a0| The Netherlands<br \/>\nChamber of Commerce Amsterdam 23.119.187 | Tax nr. NL.850804644.B.01<\/h6>\n","protected":false},"excerpt":{"rendered":"<p>Bevor Sie Kontakt mit uns aufnehmen \u00fcberpr\u00fcfen Sie bitte, ob Ihre Frage nicht schon in dem FAQ-Bereich unserer Website beantwortet worden ist. Wenn Sie immer&#8230; <a href=\"http:\/\/snowvel.com\/de\/kontakt\/\">Lees verder<\/a><\/p>\n","protected":false},"author":1,"featured_media":0,"parent":0,"menu_order":0,"comment_status":"open","ping_status":"open","template":"","meta":[],"yoast_head":"<!-- This site is optimized with the Yoast SEO plugin v15.7 - https:\/\/yoast.com\/wordpress\/plugins\/seo\/ -->\n<meta name=\"robots\" content=\"index, follow, max-snippet:-1, max-image-preview:large, max-video-preview:-1\" \/>\n<link rel=\"canonical\" href=\"http:\/\/snowvel.com\/de\/kontakt\/\" \/>\n<script type=\"application\/ld+json\" class=\"yoast-schema-graph\">{\"@context\":\"https:\/\/schema.org\",\"@graph\":[{\"@type\":\"WebSite\",\"@id\":\"http:\/\/snowvel.com\/#website\",\"url\":\"http:\/\/snowvel.com\/\",\"name\":\"Snowvel\",\"description\":\"The cool snow shovel\",\"potentialAction\":[{\"@type\":\"SearchAction\",\"target\":\"http:\/\/snowvel.com\/?s={search_term_string}\",\"query-input\":\"required name=search_term_string\"}],\"inLanguage\":\"de-DE\"},{\"@type\":\"WebPage\",\"@id\":\"http:\/\/snowvel.com\/de\/kontakt\/#webpage\",\"url\":\"http:\/\/snowvel.com\/de\/kontakt\/\",\"name\":\"Kontakt - Snowvel\",\"isPartOf\":{\"@id\":\"http:\/\/snowvel.com\/#website\"},\"datePublished\":\"2013-03-27T09:16:46+00:00\",\"dateModified\":\"2015-11-27T10:24:08+00:00\",\"inLanguage\":\"de-DE\",\"potentialAction\":[{\"@type\":\"ReadAction\",\"target\":[\"http:\/\/snowvel.com\/de\/kontakt\/\"]}]}]}<\/script>\n<!-- \/ Yoast SEO plugin. -->","_links":{"self":[{"href":"http:\/\/snowvel.com\/de\/wp-json\/wp\/v2\/pages\/315"}],"collection":[{"href":"http:\/\/snowvel.com\/de\/wp-json\/wp\/v2\/pages"}],"about":[{"href":"http:\/\/snowvel.com\/de\/wp-json\/wp\/v2\/types\/page"}],"author":[{"embeddable":true,"href":"http:\/\/snowvel.com\/de\/wp-json\/wp\/v2\/users\/1"}],"replies":[{"embeddable":true,"href":"http:\/\/snowvel.com\/de\/wp-json\/wp\/v2\/comments?post=315"}],"version-history":[{"count":7,"href":"http:\/\/snowvel.com\/de\/wp-json\/wp\/v2\/pages\/315\/revisions"}],"predecessor-version":[{"id":474,"href":"http:\/\/snowvel.com\/de\/wp-json\/wp\/v2\/pages\/315\/revisions\/474"}],"wp:attachment":[{"href":"http:\/\/snowvel.com\/de\/wp-json\/wp\/v2\/media?parent=315"}],"curies":[{"name":"wp","href":"https:\/\/api.w.org\/{rel}","templated":true}]}}